{"id":269,"date":"2016-11-18T09:57:41","date_gmt":"2016-11-18T11:57:41","guid":{"rendered":"http:\/\/maringagroup.com\/projeto\/?page_id=269"},"modified":"2025-01-06T09:49:36","modified_gmt":"2025-01-06T12:49:36","slug":"nossa-historia","status":"publish","type":"page","link":"https:\/\/maringagroup.com\/es\/nossa-historia\/","title":{"rendered":"Nuestra historia"},"content":{"rendered":"<p><img decoding=\"async\" style=\"float: left; margin: 15px;\" src=\"http:\/\/maringagroup.com\/wp-content\/uploads\/2016\/11\/maringa-soldas-fabrica.jpg\" alt=\"\" width=\"476\" \/><strong>Maring\u00e1 Soldas S. A., una empresa genuinamente brasile\u00f1a, actuando hace 50 a\u00f1os en el mercado de reposici\u00f3n de piezas para veh\u00edculos automotores, tiene su liderazgo consolidado y reconocido como el mayor fabricante de cabezales y componentes para motores a di\u00e9sel en Latinoam\u00e9rica. <\/strong><\/p>\n<p>Fundada el 27 de junio de 1969 por los hermanos Imai, en la ciudad de Maring\u00e1 \u2013 PR., inici\u00f3 sus actividades como una empresa de recuperaci\u00f3n de cabezales.<\/p>\n<p>En 1977, vislumbrando un mercado m\u00e1s promisorio, la empresa se traslad\u00f3 a Curitiba-PR., y 2 a\u00f1os despu\u00e9s inici\u00f3 su actividad fabril produciendo inicialmente astas hidr\u00e1ulicas para tractores. Maring\u00e1 Soldas invirti\u00f3 en investigaciones y desarrollo hasta culminar, en 1985, en la fabricaci\u00f3n de los primeros cabezales para motores para atender la demanda que hab\u00eda en el mercado, por piezas de reposici\u00f3n.<\/p>\n<p>Hizo de la excelencia en la cualidad de sus productos y de la agilidad en la atenci\u00f3n a los clientes, los pilares de esa construcci\u00f3n para conquistar todo el mercado nacional y a partir de 1991, con la primera venta al exterior, Maring\u00e1 Soldas pas\u00f3 a actuar en m\u00e1s de 30 pa\u00edses, en los 5 continentes.<\/p>\n<p>Maring\u00e1 Soldas lleg\u00f3 a este reconocimiento por ser una empresa que siempre busc\u00f3 pautar la actuaci\u00f3n de su equipo y la producci\u00f3n de sus productos, bajo la regencia de sus valores y de las buenas pr\u00e1cticas recomendadas por la Gobernanza Corporativa y por la Certificaci\u00f3n ISO 9001\/2015, trabajando con \u00e9tica y respeto a la sociedad y al medio ambiente.<\/p>","protected":false},"excerpt":{"rendered":"<p>Maring\u00e1 Soldas S. A., una empresa genuinamente brasile\u00f1a, actuando hace 50 a\u00f1os en el mercado de reposici\u00f3n de piezas para veh\u00edculos automotores, tiene su liderazgo consolidado y reconocido como el mayor fabricante de cabezales y componentes para motores a di\u00e9sel en Latinoam\u00e9rica. Fundada el 27 de junio de 1969 por los hermanos Imai, en la [&hellip;]<\/p>\n","protected":false},"author":1,"featured_media":0,"parent":0,"menu_order":0,"comment_status":"closed","ping_status":"closed","template":"empresa.php","meta":{"footnotes":""},"acf":[],"_links":{"self":[{"href":"https:\/\/maringagroup.com\/es\/wp-json\/wp\/v2\/pages\/269"}],"collection":[{"href":"https:\/\/maringagroup.com\/es\/wp-json\/wp\/v2\/pages"}],"about":[{"href":"https:\/\/maringagroup.com\/es\/wp-json\/wp\/v2\/types\/page"}],"author":[{"embeddable":true,"href":"https:\/\/maringagroup.com\/es\/wp-json\/wp\/v2\/users\/1"}],"replies":[{"embeddable":true,"href":"https:\/\/maringagroup.com\/es\/wp-json\/wp\/v2\/comments?post=269"}],"version-history":[{"count":25,"href":"https:\/\/maringagroup.com\/es\/wp-json\/wp\/v2\/pages\/269\/revisions"}],"predecessor-version":[{"id":1446,"href":"https:\/\/maringagroup.com\/es\/wp-json\/wp\/v2\/pages\/269\/revisions\/1446"}],"wp:attachment":[{"href":"https:\/\/maringagroup.com\/es\/wp-json\/wp\/v2\/media?parent=269"}],"curies":[{"name":"wp","href":"https:\/\/api.w.org\/{rel}","templated":true}]}}