{"id":390,"date":"2016-11-23T13:39:43","date_gmt":"2016-11-23T15:39:43","guid":{"rendered":"http:\/\/maringagroup.com\/projeto\/?page_id=390"},"modified":"2025-02-05T10:50:59","modified_gmt":"2025-02-05T13:50:59","slug":"missao-visao-e-valores","status":"publish","type":"page","link":"https:\/\/maringagroup.com\/es\/missao-visao-e-valores\/","title":{"rendered":"MISI\u00d3N, VISI\u00d3N Y VALORES"},"content":{"rendered":"<p><\/p>\n<div class=\"col-md-12\" style=\"margin-bottom: 30px;\"><img decoding=\"async\" class=\"img-responsive center-block img-thumbnail\" src=\"http:\/\/maringagroup.com\/wp-content\/uploads\/2016\/11\/maringa-soldas-fabrica.jpg\" \/><\/div>\n<div class=\"col-md-4\">\n<p><img decoding=\"async\" class=\"img-responsive center-block\" src=\"http:\/\/maringagroup.com\/wp-content\/uploads\/2016\/11\/icon-missao.png\" \/><\/p>\n<h2>Misi\u00f3n<\/h2>\n<p>Actuar en el mercado de automotores, comprometida con los valores de la organizaci\u00f3n, fabricando productos de alto desempe\u00f1o para atender las expectativas de los clientes.<\/p>\n<\/div>\n<div class=\"col-md-4\">\n<p><img decoding=\"async\" class=\"img-responsive center-block\" src=\"http:\/\/maringagroup.com\/wp-content\/uploads\/2016\/11\/icon-visao.png\" \/><\/p>\n<h2>Visi\u00f3n<\/h2>\n<p>Ser una empresa reconocida en el mercado automotor como referencia por la mejor atenci\u00f3n y excelencia en la cualidad de sus productos.<\/p>\n<\/div>\n<div class=\"col-md-4\">\n<p><img decoding=\"async\" class=\"img-responsive center-block\" src=\"http:\/\/maringagroup.com\/wp-content\/uploads\/2016\/11\/icon-valores.png\" \/><\/p>\n<h2>Valores<\/h2>\n<p>Ser \u00e9tico en todas las actuaciones;<br \/>\nRespetar la individualidad, el cliente, las normas y el medio ambiente;<br \/>\nSer merecedor de confianza por medio de actitudes id\u00f3neas y coherentes;<br \/>\nSer mejor a cada d\u00eda, en todo lo que piensa y hace;<br \/>\nSer responsable por las propias acciones.<\/p>\n<\/div>\n<p><\/p>","protected":false},"excerpt":{"rendered":"<p>Misi\u00f3n Actuar en el mercado de automotores, comprometida con los valores de la organizaci\u00f3n, fabricando productos de alto desempe\u00f1o para atender las expectativas de los clientes. Visi\u00f3n Ser una empresa reconocida en el mercado automotor como referencia por la mejor atenci\u00f3n y excelencia en la cualidad de sus productos. Valores Ser \u00e9tico en todas las [&hellip;]<\/p>\n","protected":false},"author":1,"featured_media":0,"parent":0,"menu_order":0,"comment_status":"closed","ping_status":"closed","template":"missao.php","meta":{"footnotes":""},"acf":[],"_links":{"self":[{"href":"https:\/\/maringagroup.com\/es\/wp-json\/wp\/v2\/pages\/390"}],"collection":[{"href":"https:\/\/maringagroup.com\/es\/wp-json\/wp\/v2\/pages"}],"about":[{"href":"https:\/\/maringagroup.com\/es\/wp-json\/wp\/v2\/types\/page"}],"author":[{"embeddable":true,"href":"https:\/\/maringagroup.com\/es\/wp-json\/wp\/v2\/users\/1"}],"replies":[{"embeddable":true,"href":"https:\/\/maringagroup.com\/es\/wp-json\/wp\/v2\/comments?post=390"}],"version-history":[{"count":11,"href":"https:\/\/maringagroup.com\/es\/wp-json\/wp\/v2\/pages\/390\/revisions"}],"predecessor-version":[{"id":1448,"href":"https:\/\/maringagroup.com\/es\/wp-json\/wp\/v2\/pages\/390\/revisions\/1448"}],"wp:attachment":[{"href":"https:\/\/maringagroup.com\/es\/wp-json\/wp\/v2\/media?parent=390"}],"curies":[{"name":"wp","href":"https:\/\/api.w.org\/{rel}","templated":true}]}}